{"id":468,"date":"2015-10-28T00:15:38","date_gmt":"2015-10-28T04:15:38","guid":{"rendered":"https:\/\/environmentalodourconsulting.com\/?page_id=468&#038;lang=pl"},"modified":"2015-11-16T11:41:59","modified_gmt":"2015-11-16T16:41:59","slug":"strona-domowa","status":"publish","type":"page","link":"https:\/\/environmentalodourconsulting.com\/pl\/","title":{"rendered":"Strona G\u0142\u00f3wna"},"content":{"rendered":"\n<div id=\"rev_slider_1_1_wrapper\" class=\"rev_slider_wrapper fullwidthbanner-container\" data-source=\"gallery\" style=\"margin:0px auto;background:#E9E9E9;padding:0px;margin-top:0px;margin-bottom:0px;\">\n<!-- START REVOLUTION SLIDER 5.4.8.1 fullwidth mode -->\n\t<div id=\"rev_slider_1_1\" class=\"rev_slider fullwidthabanner tp-overflow-hidden\" style=\"display:none;\" data-version=\"5.4.8.1\">\n<ul>\t<!-- SLIDE  -->\n\t<li data-index=\"rs-23\" data-transition=\"fade\" data-slotamount=\"default\" data-hideafterloop=\"0\" data-hideslideonmobile=\"off\"  data-easein=\"default\" data-easeout=\"default\" data-masterspeed=\"default\"  data-thumb=\"https:\/\/environmentalodourconsulting.com\/wp-content\/uploads\/2022\/12\/industrial-landscape-slider-A-100x50.jpg\"  data-rotate=\"0\"  data-saveperformance=\"off\"  data-title=\"Slide\" data-param1=\"\" data-param2=\"\" data-param3=\"\" data-param4=\"\" data-param5=\"\" data-param6=\"\" data-param7=\"\" data-param8=\"\" data-param9=\"\" data-param10=\"\" data-description=\"\">\n\t\t<!-- MAIN IMAGE -->\n\t\t<img loading=\"lazy\" decoding=\"async\" src=\"https:\/\/environmentalodourconsulting.com\/wp-content\/uploads\/2022\/12\/industrial-landscape-slider-A.jpg\"  alt=\"Industrial landscape\" title=\"industrial-landscape-slider-A\"  width=\"1280\" height=\"350\" data-bgposition=\"center center\" data-bgfit=\"cover\" data-bgrepeat=\"no-repeat\" class=\"rev-slidebg\" data-no-retina>\n\t\t<!-- LAYERS -->\n\t<\/li>\n\t<!-- SLIDE  -->\n\t<li data-index=\"rs-25\" data-transition=\"fade\" data-slotamount=\"default\" data-hideafterloop=\"0\" data-hideslideonmobile=\"off\"  data-easein=\"default\" data-easeout=\"default\" data-masterspeed=\"default\"  data-thumb=\"https:\/\/environmentalodourconsulting.com\/wp-content\/uploads\/2015\/11\/mobile-lab1-slider1-100x50.jpg\"  data-rotate=\"0\"  data-saveperformance=\"off\"  data-title=\"Slide\" data-param1=\"\" data-param2=\"\" data-param3=\"\" data-param4=\"\" data-param5=\"\" data-param6=\"\" data-param7=\"\" data-param8=\"\" data-param9=\"\" data-param10=\"\" data-description=\"\">\n\t\t<!-- MAIN IMAGE -->\n\t\t<img loading=\"lazy\" decoding=\"async\" src=\"https:\/\/environmentalodourconsulting.com\/wp-content\/uploads\/2015\/11\/mobile-lab1-slider1.jpg\"  alt=\"\" title=\"mobile-lab1-slider\"  width=\"1280\" height=\"350\" data-bgposition=\"center center\" data-bgfit=\"cover\" data-bgrepeat=\"no-repeat\" class=\"rev-slidebg\" data-no-retina>\n\t\t<!-- LAYERS -->\n\t<\/li>\n\t<!-- SLIDE  -->\n\t<li data-index=\"rs-12\" data-transition=\"fade\" data-slotamount=\"7\" data-hideafterloop=\"0\" data-hideslideonmobile=\"off\"  data-easein=\"default\" data-easeout=\"default\" data-masterspeed=\"300\"  data-thumb=\"https:\/\/environmentalodourconsulting.com\/wp-content\/uploads\/2022\/12\/industrial-landscape-slider-C-100x50.jpg\"  data-rotate=\"0\"  data-saveperformance=\"off\"  data-title=\"Slide\" data-param1=\"\" data-param2=\"\" data-param3=\"\" data-param4=\"\" data-param5=\"\" data-param6=\"\" data-param7=\"\" data-param8=\"\" data-param9=\"\" data-param10=\"\" data-description=\"\">\n\t\t<!-- MAIN IMAGE -->\n\t\t<img loading=\"lazy\" decoding=\"async\" src=\"https:\/\/environmentalodourconsulting.com\/wp-content\/uploads\/2022\/12\/industrial-landscape-slider-C.jpg\"  alt=\"\" title=\"industrial-landscape-slider-C\"  width=\"1280\" height=\"350\" data-bgposition=\"left center\" data-bgfit=\"cover\" data-bgrepeat=\"no-repeat\" class=\"rev-slidebg\" data-no-retina>\n\t\t<!-- LAYERS -->\n\t<\/li>\n<\/ul>\n<script>var htmlDiv = document.getElementById(\"rs-plugin-settings-inline-css\"); var htmlDivCss=\"\";\r\n\t\t\t\t\t\tif(htmlDiv) {\r\n\t\t\t\t\t\t\thtmlDiv.innerHTML = htmlDiv.innerHTML + htmlDivCss;\r\n\t\t\t\t\t\t}else{\r\n\t\t\t\t\t\t\tvar htmlDiv = document.createElement(\"div\");\r\n\t\t\t\t\t\t\thtmlDiv.innerHTML = \"<style>\" + htmlDivCss + \"<\/style>\";\r\n\t\t\t\t\t\t\tdocument.getElementsByTagName(\"head\")[0].appendChild(htmlDiv.childNodes[0]);\r\n\t\t\t\t\t\t}\r\n\t\t\t\t\t<\/script>\n<div class=\"tp-bannertimer\" style=\"height: 5px; background: rgb(0,0,0);\"><\/div>\t<\/div>\n<script>var htmlDiv = document.getElementById(\"rs-plugin-settings-inline-css\"); var htmlDivCss=\"\";\r\n\t\t\t\tif(htmlDiv) {\r\n\t\t\t\t\thtmlDiv.innerHTML = htmlDiv.innerHTML + htmlDivCss;\r\n\t\t\t\t}else{\r\n\t\t\t\t\tvar htmlDiv = document.createElement(\"div\");\r\n\t\t\t\t\thtmlDiv.innerHTML = \"<style>\" + htmlDivCss + \"<\/style>\";\r\n\t\t\t\t\tdocument.getElementsByTagName(\"head\")[0].appendChild(htmlDiv.childNodes[0]);\r\n\t\t\t\t}\r\n\t\t\t<\/script>\n\t\t<script type=\"text\/javascript\">\r\nif (setREVStartSize!==undefined) setREVStartSize(\r\n\t{c: '#rev_slider_1_1', gridwidth: [1200], gridheight: [350], sliderLayout: 'fullwidth', minHeight:'350'});\r\n\t\t\t\r\nvar revapi1,\r\n\ttpj;\t\r\n(function() {\t\t\t\r\n\tif (!\/loaded|interactive|complete\/.test(document.readyState)) document.addEventListener(\"DOMContentLoaded\",onLoad); else onLoad();\t\r\n\tfunction onLoad() {\t\t\t\t\r\n\t\tif (tpj===undefined) { tpj = jQuery; if(\"on\" == \"on\") tpj.noConflict();}\r\n\tif(tpj(\"#rev_slider_1_1\").revolution == undefined){\n\t\trevslider_showDoubleJqueryError(\"#rev_slider_1_1\");\n\t}else{\n\t\trevapi1 = tpj(\"#rev_slider_1_1\").show().revolution({\n\t\t\tsliderType:\"standard\",\n\t\t\tjsFileLocation:\"\/\/environmentalodourconsulting.com\/wp-content\/plugins\/revslider\/public\/assets\/js\/\",\n\t\t\tsliderLayout:\"fullwidth\",\n\t\t\tdottedOverlay:\"none\",\n\t\t\tdelay:9000,\n\t\t\tnavigation: {\n\t\t\t\tkeyboardNavigation:\"off\",\n\t\t\t\tkeyboard_direction: \"horizontal\",\n\t\t\t\tmouseScrollNavigation:\"off\",\n \t\t\t\t\t\t\tmouseScrollReverse:\"default\",\n\t\t\t\tonHoverStop:\"on\",\n\t\t\t\ttouch:{\n\t\t\t\t\ttouchenabled:\"on\",\n\t\t\t\t\ttouchOnDesktop:\"off\",\n\t\t\t\t\tswipe_threshold: 75,\n\t\t\t\t\tswipe_min_touches: 1,\n\t\t\t\t\tswipe_direction: \"horizontal\",\n\t\t\t\t\tdrag_block_vertical: false\n\t\t\t\t}\n\t\t\t\t,\n\t\t\t\tarrows: {\n\t\t\t\t\tstyle:\"hesperiden\",\n\t\t\t\t\tenable:true,\n\t\t\t\t\thide_onmobile:false,\n\t\t\t\t\thide_onleave:false,\n\t\t\t\t\ttmp:'',\n\t\t\t\t\tleft: {\n\t\t\t\t\t\th_align:\"left\",\n\t\t\t\t\t\tv_align:\"center\",\n\t\t\t\t\t\th_offset:20,\n\t\t\t\t\t\tv_offset:0\n\t\t\t\t\t},\n\t\t\t\t\tright: {\n\t\t\t\t\t\th_align:\"right\",\n\t\t\t\t\t\tv_align:\"center\",\n\t\t\t\t\t\th_offset:20,\n\t\t\t\t\t\tv_offset:0\n\t\t\t\t\t}\n\t\t\t\t}\n\t\t\t},\n\t\t\tvisibilityLevels:[1240,1024,778,480],\n\t\t\tgridwidth:1200,\n\t\t\tgridheight:350,\n\t\t\tlazyType:\"none\",\n\t\t\tminHeight:\"350\",\n\t\t\tshadow:1,\n\t\t\tspinner:\"spinner0\",\n\t\t\tstopLoop:\"off\",\n\t\t\tstopAfterLoops:-1,\n\t\t\tstopAtSlide:-1,\n\t\t\tshuffle:\"off\",\n\t\t\tautoHeight:\"on\",\n\t\t\thideThumbsOnMobile:\"off\",\n\t\t\thideSliderAtLimit:0,\n\t\t\thideCaptionAtLimit:0,\n\t\t\thideAllCaptionAtLilmit:0,\n\t\t\tdebugMode:false,\n\t\t\tfallbacks: {\n\t\t\t\tsimplifyAll:\"off\",\n\t\t\t\tnextSlideOnWindowFocus:\"off\",\n\t\t\t\tdisableFocusListener:false,\n\t\t\t}\n\t\t});\n\t}; \/* END OF revapi call *\/\n\t\n }; \/* END OF ON LOAD FUNCTION *\/\r\n}()); \/* END OF WRAPPING FUNCTION *\/\r\n<\/script>\r\n\t\t<script>\r\n\t\t\t\t\tvar htmlDivCss = unescape(\".hesperiden.tparrows%20%7B%0A%09cursor%3Apointer%3B%0A%09background%3Argba%280%2C0%2C0%2C0.5%29%3B%0A%09width%3A40px%3B%0A%09height%3A40px%3B%0A%09position%3Aabsolute%3B%0A%09display%3Ablock%3B%0A%09z-index%3A100%3B%0A%20%20%20%20border-radius%3A%2050%25%3B%0A%7D%0A.hesperiden.tparrows%3Ahover%20%7B%0A%09background%3Argba%280%2C%200%2C%200%2C%201%29%3B%0A%7D%0A.hesperiden.tparrows%3Abefore%20%7B%0A%09font-family%3A%20%22revicons%22%3B%0A%09font-size%3A20px%3B%0A%09color%3Argb%28255%2C%20255%2C%20255%29%3B%0A%09display%3Ablock%3B%0A%09line-height%3A%2040px%3B%0A%09text-align%3A%20center%3B%0A%7D%0A.hesperiden.tparrows.tp-leftarrow%3Abefore%20%7B%0A%09content%3A%20%22%5Ce82c%22%3B%0A%20%20%20%20margin-left%3A-3px%3B%0A%7D%0A.hesperiden.tparrows.tp-rightarrow%3Abefore%20%7B%0A%09content%3A%20%22%5Ce82d%22%3B%0A%20%20%20%20margin-right%3A-3px%3B%0A%7D%0A\");\r\n\t\t\t\t\tvar htmlDiv = document.getElementById('rs-plugin-settings-inline-css');\r\n\t\t\t\t\tif(htmlDiv) {\r\n\t\t\t\t\t\thtmlDiv.innerHTML = htmlDiv.innerHTML + htmlDivCss;\r\n\t\t\t\t\t}\r\n\t\t\t\t\telse{\r\n\t\t\t\t\t\tvar htmlDiv = document.createElement('div');\r\n\t\t\t\t\t\thtmlDiv.innerHTML = '<style>' + htmlDivCss + '<\/style>';\r\n\t\t\t\t\t\tdocument.getElementsByTagName('head')[0].appendChild(htmlDiv.childNodes[0]);\r\n\t\t\t\t\t}\r\n\t\t\t\t  <\/script>\r\n\t\t\t\t<\/div><!-- END REVOLUTION SLIDER -->\r\n<div class=\"hr_gap\" style=\"height:50px;\"><\/div><div class=\"callout-wrap\"><span>\r\n\r\n&nbsp;\r\n<h3 style=\"text-align: center;\">Environmental Odour Consulting<\/h3>\r\n<strong>Environmental Odour Consulting (E.O.C)<\/strong> jest firm\u0105 konsultacyjn\u0105 specjalizuj\u0105c\u0105 si\u0119 w badaniach uci\u0105\u017cliwo\u015bci zapachu \/ odor\u00f3w, ich emisj\u0105 i oddzia\u0142ywaniem na otaczaj\u0105ce \u015brodowisko. Nasza firma z siedzib\u0105 w Polsce, Kanadzie i USA oferuje us\u0142ugi bada\u0144 uci\u0105\u017cliwo\u015bci zapach\u00f3w \/ odor\u00f3w dla r\u00f3\u017cnych sektor\u00f3w: oczyszczalni \u015bciek\u00f3w, kompostowni, wysypiska \u015bmieci, rafinerii i zr\u00f3\u017cnicowanych zak\u0142ad\u00f3w przemys\u0142owych, spo\u017cywczych, przetw\u00f3rczych, czy rolniczych.\r\n\r\nPrzeprowadzamy tez badania na oszacowanie efektywno\u015bci urz\u0105dze\u0144 redukuj\u0105cych zapach (biofilter, skruber, w\u0119glowy filtr).\r\n\r\nOferujemy tak\u017ce szkolenia, kursy i seminaria z pe\u0142nego zakresu temat\u00f3w zwi\u0105zanych z zapachami i odorami.\r\n\r\nPosiadamy dwa olfaktometryczne laboratoria.<\/span><\/div><!-- END callout-wrap --><br class=\"clear\" \/>\n<div class=\"one_fourth tt-column\"><div class=\"_img_frame _four_col_large\"><div class=\"img-preload\"><img src='https:\/\/environmentalodourconsulting.com\/wp-content\/uploads\/2015\/11\/enviro-issues-thumb.jpg' alt='' class=\"attachment-fadeIn\" \/><\/div><\/div><p><strong><b>OCHRONA \u015aRODOWISKA<\/b><\/strong><\/p>\n<p><span style=\"font-weight: 400;\">Co robi\u0107 gdy jest problem? Environmental Odour Consulting posiada ponad 25 -letnie do\u015bwiadczenie w projektowaniu i wdra\u017caniu strategi \u00a0na badania i eliminacj\u0119 \u00a0zapachu\/odoru emituj\u0105cego do naszego \u015brodowiska&#8230;<\/span><\/p>\n<p><a title=\"Wi\u0119cej informacji o ochronie srodowiska...\" href=\"https:\/\/environmentalodourconsulting.com\/pl\/oferty\/\"><strong>Wi\u0119cej informacji \u2192<\/strong><\/a><\/p>\n<\/div><div class=\"one_fourth tt-column\"><div class=\"_img_frame _four_col_large\"><div class=\"img-preload\"><img src='https:\/\/environmentalodourconsulting.com\/wp-content\/uploads\/2015\/11\/\/olfactometer-thumb-large-190x111.jpg' alt='' class=\"attachment-fadeIn\" \/><\/div><\/div><p><strong><b>ANALIZY OLFAKTOMETRYCZNE<\/b><\/strong><\/p>\n<p>Nasza firma posiada dwa rodzaje olfaktometrycznych laboratori\u00f3w:<\/p>\n<ul>\n<li>Stacjonarne<\/li>\n<li><span style=\"font-weight: 400;\">Przeno\u015bne \/ mobilne (jedno z niewielu na \u015bwiecie)<\/span><\/li>\n<\/ul>\n<p>Us\u0142ugi obejmuj\u0105 okre\u015blenie warto\u015bci progu detekcji, uci\u0105\u017cliwo\u015bci lub rozpoznania zapachu na pobranych pr\u00f3bkach pochodz\u0105cych&#8230;<\/p>\n<p><a title=\"Wi\u0119cej informacji...\" href=\"https:\/\/environmentalodourconsulting.com\/pl\/oferty\/#analizy-olfaktometryczne\"><strong>Wi\u0119cej informacji \u2192<\/strong><\/a><\/p>\n<\/div><div class=\"one_fourth tt-column\"><div class=\"_img_frame _four_col_large\"><div class=\"img-preload\"><img src='https:\/\/environmentalodourconsulting.com\/wp-content\/uploads\/2015\/11\/\/products-small-190x111.jpg' alt='' class=\"attachment-fadeIn\" \/><\/div><\/div><p><strong>TESTY\u00a0MATERIA\u0141\u00d3W<\/strong><\/p>\n<p>E.O.C przeprowadza analizy odorowe r\u00f3\u017cnych materia\u0142\u00f3w&#8230;<\/p>\n<p>E.O.C przeprowadza testowanie produkt\u00f3w \u017cywno\u015bciowych, kosmetycznych&#8230;.<\/p>\n<p>Mo\u017cemy pom\u00f3c oceni\u0107 cechy produktu \/ materialu wed\u0142ug wymagan klienta&#8230;<\/p>\n<p><a title=\"Wi\u0119cej informacji...\" href=\"https:\/\/environmentalodourconsulting.com\/pl\/oferty\/#testowanie-materia\u0142\u00f3w\"><strong>Wi\u0119cej informacji \u2192<\/strong><\/a><\/p>\n<\/div><div class=\"one_fourth_last tt-column\"><div class=\"_img_frame _four_col_large\"><div class=\"img-preload\"><img src='https:\/\/environmentalodourconsulting.com\/wp-content\/uploads\/2015\/11\/conference-training-thumb.jpg' alt='' class=\"attachment-fadeIn\" \/><\/div><\/div><p><strong>WARSZTATY I SZKOLENIA<\/strong><\/p>\n<p>Warsztaty, szkolenia og\u00f3lne i seminaria \u00a0s\u0105 oferowane dla r\u00f3\u017cnych sektor\u00f3w;<\/p>\n<p>Ministerstwa, inspektor\u00f3w ochrony \u015brodowiska lub os\u00f3b zarz\u0105dzaj\u0105cych, firm, farmer\u00f3w, lub mieszka\u0144c\u00f3w nara\u017conych \u00a0na uci\u0105\u017cliwo\u015b\u0107 zapachow\u0105<\/p>\n<p>Szkolenia \u00a0s\u0105 przeprowadzone&#8230;.<\/p>\n<p><a title=\"Wi\u0119cej informacji...\" href=\"https:\/\/environmentalodourconsulting.com\/pl\/oferty\/#seminaria\"><strong>Wi\u0119cej informacji \u2192<\/strong><\/a><\/p>\n<\/div><br class=\"clear\" \/><p>&nbsp;<\/p>\n<div class=\"tt-testimonial-wrapper\"><div class=\"testimonials flexslider\"><ul class=\"slides\">\r\n<li><blockquote><p>Ms. Anna Bokowa, quantified during her presentation the tricky issue of odour emission from fugitive sources. The approach taken by this brilliant researcher was novel and very interesting, as she presented an objective way to quantify fugitive emissions from the activity.<cite>&ndash;3RD International Conference on odour and VOC's, organized by IWA, Barcelona 2008<\/cite><\/p><\/blockquote><\/li>\r\n<\/ul><\/div><\/div><!-- END testimonials --><div class=\"hr_gap\" style=\"height:50px;\"><\/div>","protected":false},"excerpt":{"rendered":"<p>&nbsp;<\/p>\n","protected":false},"author":3,"featured_media":0,"parent":0,"menu_order":0,"comment_status":"closed","ping_status":"closed","template":"template-full-width.php","meta":{"_monsterinsights_skip_tracking":false,"_monsterinsights_sitenote_active":false,"_monsterinsights_sitenote_note":"","_monsterinsights_sitenote_category":0,"footnotes":""},"class_list":["post-468","page","type-page","status-publish","hentry"],"yoast_head":"<!-- This site is optimized with the Yoast SEO plugin v26.8 - https:\/\/yoast.com\/product\/yoast-seo-wordpress\/ -->\n<title>Strona G\u0142\u00f3wna - Environmental Odour Consulting<\/title>\n<meta name=\"robots\" content=\"index, follow, max-snippet:-1, max-image-preview:large, max-video-preview:-1\" \/>\n<link rel=\"canonical\" href=\"https:\/\/environmentalodourconsulting.com\/pl\/\" \/>\n<meta property=\"og:locale\" content=\"pl_PL\" \/>\n<meta property=\"og:type\" content=\"article\" \/>\n<meta property=\"og:title\" content=\"Strona G\u0142\u00f3wna - Environmental Odour Consulting\" \/>\n<meta property=\"og:description\" content=\"&nbsp;\" \/>\n<meta property=\"og:url\" content=\"https:\/\/environmentalodourconsulting.com\/pl\/\" \/>\n<meta property=\"og:site_name\" content=\"Environmental Odour Consulting\" \/>\n<meta property=\"article:modified_time\" content=\"2015-11-16T16:41:59+00:00\" \/>\n<meta name=\"twitter:card\" content=\"summary_large_image\" \/>\n<meta name=\"twitter:label1\" content=\"Szacowany czas czytania\" \/>\n\t<meta name=\"twitter:data1\" content=\"2 minuty\" \/>\n<script type=\"application\/ld+json\" class=\"yoast-schema-graph\">{\"@context\":\"https:\/\/schema.org\",\"@graph\":[{\"@type\":\"WebPage\",\"@id\":\"https:\/\/environmentalodourconsulting.com\/pl\/\",\"url\":\"https:\/\/environmentalodourconsulting.com\/pl\/\",\"name\":\"Strona G\u0142\u00f3wna - Environmental Odour Consulting\",\"isPartOf\":{\"@id\":\"https:\/\/environmentalodourconsulting.com\/pl\/#website\"},\"datePublished\":\"2015-10-28T04:15:38+00:00\",\"dateModified\":\"2015-11-16T16:41:59+00:00\",\"breadcrumb\":{\"@id\":\"https:\/\/environmentalodourconsulting.com\/pl\/#breadcrumb\"},\"inLanguage\":\"pl-PL\",\"potentialAction\":[{\"@type\":\"ReadAction\",\"target\":[\"https:\/\/environmentalodourconsulting.com\/pl\/\"]}]},{\"@type\":\"BreadcrumbList\",\"@id\":\"https:\/\/environmentalodourconsulting.com\/pl\/#breadcrumb\",\"itemListElement\":[{\"@type\":\"ListItem\",\"position\":1,\"name\":\"Home\",\"item\":\"https:\/\/environmentalodourconsulting.com\/pl\/\"},{\"@type\":\"ListItem\",\"position\":2,\"name\":\"Strona G\u0142\u00f3wna\"}]},{\"@type\":\"WebSite\",\"@id\":\"https:\/\/environmentalodourconsulting.com\/pl\/#website\",\"url\":\"https:\/\/environmentalodourconsulting.com\/pl\/\",\"name\":\"Environmental Odour Consulting\",\"description\":\"The Air Quality Guardians\",\"publisher\":{\"@id\":\"https:\/\/environmentalodourconsulting.com\/pl\/#organization\"},\"potentialAction\":[{\"@type\":\"SearchAction\",\"target\":{\"@type\":\"EntryPoint\",\"urlTemplate\":\"https:\/\/environmentalodourconsulting.com\/pl\/?s={search_term_string}\"},\"query-input\":{\"@type\":\"PropertyValueSpecification\",\"valueRequired\":true,\"valueName\":\"search_term_string\"}}],\"inLanguage\":\"pl-PL\"},{\"@type\":\"Organization\",\"@id\":\"https:\/\/environmentalodourconsulting.com\/pl\/#organization\",\"name\":\"Environmental Odour Consulting\",\"url\":\"https:\/\/environmentalodourconsulting.com\/pl\/\",\"logo\":{\"@type\":\"ImageObject\",\"inLanguage\":\"pl-PL\",\"@id\":\"https:\/\/environmentalodourconsulting.com\/pl\/#\/schema\/logo\/image\/\",\"url\":\"https:\/\/environmentalodourconsulting.com\/wp-content\/uploads\/2017\/01\/EOC-logo-large-300x48-1.png\",\"contentUrl\":\"https:\/\/environmentalodourconsulting.com\/wp-content\/uploads\/2017\/01\/EOC-logo-large-300x48-1.png\",\"width\":300,\"height\":48,\"caption\":\"Environmental Odour Consulting\"},\"image\":{\"@id\":\"https:\/\/environmentalodourconsulting.com\/pl\/#\/schema\/logo\/image\/\"}}]}<\/script>\n<!-- \/ Yoast SEO plugin. -->","yoast_head_json":{"title":"Strona G\u0142\u00f3wna - Environmental Odour Consulting","robots":{"index":"index","follow":"follow","max-snippet":"max-snippet:-1","max-image-preview":"max-image-preview:large","max-video-preview":"max-video-preview:-1"},"canonical":"https:\/\/environmentalodourconsulting.com\/pl\/","og_locale":"pl_PL","og_type":"article","og_title":"Strona G\u0142\u00f3wna - Environmental Odour Consulting","og_description":"&nbsp;","og_url":"https:\/\/environmentalodourconsulting.com\/pl\/","og_site_name":"Environmental Odour Consulting","article_modified_time":"2015-11-16T16:41:59+00:00","twitter_card":"summary_large_image","twitter_misc":{"Szacowany czas czytania":"2 minuty"},"schema":{"@context":"https:\/\/schema.org","@graph":[{"@type":"WebPage","@id":"https:\/\/environmentalodourconsulting.com\/pl\/","url":"https:\/\/environmentalodourconsulting.com\/pl\/","name":"Strona G\u0142\u00f3wna - Environmental Odour Consulting","isPartOf":{"@id":"https:\/\/environmentalodourconsulting.com\/pl\/#website"},"datePublished":"2015-10-28T04:15:38+00:00","dateModified":"2015-11-16T16:41:59+00:00","breadcrumb":{"@id":"https:\/\/environmentalodourconsulting.com\/pl\/#breadcrumb"},"inLanguage":"pl-PL","potentialAction":[{"@type":"ReadAction","target":["https:\/\/environmentalodourconsulting.com\/pl\/"]}]},{"@type":"BreadcrumbList","@id":"https:\/\/environmentalodourconsulting.com\/pl\/#breadcrumb","itemListElement":[{"@type":"ListItem","position":1,"name":"Home","item":"https:\/\/environmentalodourconsulting.com\/pl\/"},{"@type":"ListItem","position":2,"name":"Strona G\u0142\u00f3wna"}]},{"@type":"WebSite","@id":"https:\/\/environmentalodourconsulting.com\/pl\/#website","url":"https:\/\/environmentalodourconsulting.com\/pl\/","name":"Environmental Odour Consulting","description":"The Air Quality Guardians","publisher":{"@id":"https:\/\/environmentalodourconsulting.com\/pl\/#organization"},"potentialAction":[{"@type":"SearchAction","target":{"@type":"EntryPoint","urlTemplate":"https:\/\/environmentalodourconsulting.com\/pl\/?s={search_term_string}"},"query-input":{"@type":"PropertyValueSpecification","valueRequired":true,"valueName":"search_term_string"}}],"inLanguage":"pl-PL"},{"@type":"Organization","@id":"https:\/\/environmentalodourconsulting.com\/pl\/#organization","name":"Environmental Odour Consulting","url":"https:\/\/environmentalodourconsulting.com\/pl\/","logo":{"@type":"ImageObject","inLanguage":"pl-PL","@id":"https:\/\/environmentalodourconsulting.com\/pl\/#\/schema\/logo\/image\/","url":"https:\/\/environmentalodourconsulting.com\/wp-content\/uploads\/2017\/01\/EOC-logo-large-300x48-1.png","contentUrl":"https:\/\/environmentalodourconsulting.com\/wp-content\/uploads\/2017\/01\/EOC-logo-large-300x48-1.png","width":300,"height":48,"caption":"Environmental Odour Consulting"},"image":{"@id":"https:\/\/environmentalodourconsulting.com\/pl\/#\/schema\/logo\/image\/"}}]}},"_links":{"self":[{"href":"https:\/\/environmentalodourconsulting.com\/pl\/wp-json\/wp\/v2\/pages\/468","targetHints":{"allow":["GET"]}}],"collection":[{"href":"https:\/\/environmentalodourconsulting.com\/pl\/wp-json\/wp\/v2\/pages"}],"about":[{"href":"https:\/\/environmentalodourconsulting.com\/pl\/wp-json\/wp\/v2\/types\/page"}],"author":[{"embeddable":true,"href":"https:\/\/environmentalodourconsulting.com\/pl\/wp-json\/wp\/v2\/users\/3"}],"replies":[{"embeddable":true,"href":"https:\/\/environmentalodourconsulting.com\/pl\/wp-json\/wp\/v2\/comments?post=468"}],"version-history":[{"count":29,"href":"https:\/\/environmentalodourconsulting.com\/pl\/wp-json\/wp\/v2\/pages\/468\/revisions"}],"predecessor-version":[{"id":801,"href":"https:\/\/environmentalodourconsulting.com\/pl\/wp-json\/wp\/v2\/pages\/468\/revisions\/801"}],"wp:attachment":[{"href":"https:\/\/environmentalodourconsulting.com\/pl\/wp-json\/wp\/v2\/media?parent=468"}],"curies":[{"name":"wp","href":"https:\/\/api.w.org\/{rel}","templated":true}]}}