{"id":492,"date":"2015-10-30T00:24:59","date_gmt":"2015-10-30T04:24:59","guid":{"rendered":"https:\/\/environmentalodourconsulting.com\/pl\/?page_id=492"},"modified":"2015-11-15T14:36:23","modified_gmt":"2015-11-15T19:36:23","slug":"personel","status":"publish","type":"page","link":"https:\/\/environmentalodourconsulting.com\/pl\/personel\/","title":{"rendered":"Personel"},"content":{"rendered":"<div class=\"one_third tt-column\"><div class=\"_img_frame _portrait_thumb\"><div class=\"img-preload\"><img src='https:\/\/environmentalodourconsulting.com\/wp-content\/uploads\/2015\/11\/testing-web.jpg' alt='' class=\"attachment-fadeIn\" \/><\/div><\/div><\/div><div class=\"two_thirds_last tt-column\"><h3>Anna Bokowa,<\/h3>\n<h6>Magister Biologii i Nauk o Ziemi oraz Ochrony \u015arodowiska<br \/>\nUniwersytet w Gda\u0144sku, Polska; Uniwersytet w Toronto, Kanada<\/h6>\n<p><span style=\"font-weight: 400;\"><strong>Anna Bokowa<\/strong> \u2013 Prezydent i za\u0142o\u017cyciel firmy \u00a0Environmental Odour Consulting, mi\u0119dzynarodowy ekspert w sprawach odor\u00f3w i \u00a0w dziedzinie oszacowania uci\u0105\u017cliwo\u015bci zapach\u00f3w\/ odor\u00f3w na \u015brodowisko. \u00a0\u00a0Konsultant \u00a0z ponad 24 letnim sta\u017cem w zakresie kierowania i managementu \u00a0du\u017cych \u00a0odorowych projekt\u00f3w.<\/span><\/p>\n<p><span style=\"font-weight: 400;\">Jest autorem ponad 30 mi\u0119dzynarodowych publikacji \u00a0poruszaj\u0105cych \u00a0zagadnienia \u00a0techniki pomiar\u00f3w \u00a0i monitorowania \u00a0zapachu\/odoru \u00a0oraz ich analiz. \u00a0Jej \u00a0wieloletnie do\u015bwiadczenie w tej dziedzinie sprawia \u017ce \u00a0umiej\u0119tnie dopasowuje technik\u0119 analiz odorowych do potrzeb klienta. Jej ka\u017cdy projekt jest zr\u00f3\u017cnicowany i dobierany z wielka staranno\u015bci w zale\u017cno\u015bci od natury zagadnienia i potrzeb klienta. <\/span><\/p>\n<p><span style=\"font-weight: 400;\">Anna Bokowa jest regularnie wzywana jako bieg\u0142y s\u0105dowy czy to w Kanadzie czy w USA. \u00a0\u00a0Anna Bokowa opracowa\u0142a liczne metody pomiaru zapachu, w tym zapachu\/odor\u00f3w ze \u017ar\u00f3de\u0142 ulotnych i obszarowych. \u00a0Jest r\u00f3wnie\u017c autorem metody oszacowania terenowych odor\u00f3w. Jej nowe odorowe metody s\u0105 mi\u0119dzynarodowo zaakceptowane.<\/span><\/p>\n<p><span style=\"font-weight: 400;\">Anna Bokowa jest tw\u00f3rc\u0105 odorowego ameryka\u0144skiego standardu, kt\u00f3ry rozwin\u0105\u0142 si\u0119 pod patronatem A&amp;WMA EE-6 komisji odorowej.<\/span><\/p>\n<p><span style=\"font-weight: 400;\">Anna \u00a0Bokowa r\u00f3wnie\u017c wsp\u00f3\u0142pracuje z Ministerstwem Ochrony \u015arodowiska w Kanadzie.<\/span><\/p>\n<p><span style=\"font-weight: 400;\">Jej aktywna dzia\u0142alno\u015b\u0107 na rynku mi\u0119dzynarodowym stwarza \u017ce jest jedn\u0105 z nielicznych mi\u0119dzynarodowo uznanych ekspert\u00f3w odorowych. \u00a0Jest tak\u017ce recenzentem mi\u0119dzynarodowych odorowych publikacji \u00a0i \u00a0aktywnym uczestnikiem mi\u0119dzynarodowych odorowych konferencji. \u00a0Anna Bokowa zasiada jako przewodnicz\u0105ca sesji odorowych na tych konferencjach. \u00a0<\/span><\/p>\n<p><span style=\"font-weight: 400;\">Pomi\u0119dzy 2009-2013 by\u0142a przewodnicz\u0105c\u0105 Komisji Zapachowej A&amp;WMA EE-6 w Stanach Zjednoczonych \u00a0zajmuj\u0105c\u0105 si\u0119 normalizacj\u0105 \u00a0pomiar\u00f3w i analiz odorowych.<\/span><\/p>\n<p><span style=\"font-weight: 400;\">Nale\u017cy do naukowych komisji dzia\u0142aj\u0105cych \u00a0przy mi\u0119dzynarodowych stowarzyszeniach takich jak \u00a0IWA, WEF, A&amp;WMA i ASTM.<\/span><\/p>\n<\/div><br class=\"clear\" \/><div class=\"one_third tt-column\"><div class=\"_img_frame _portrait_thumb\"><div class=\"img-preload\"><img src='https:\/\/environmentalodourconsulting.com\/wp-content\/uploads\/2015\/11\/\/olfactometer-thumb-large-275x355.jpg' alt='' class=\"attachment-fadeIn\" \/><\/div><\/div><\/div><div class=\"one_third tt-column\"><div class=\"_img_frame _portrait_thumb\"><div class=\"img-preload\"><img src='https:\/\/environmentalodourconsulting.com\/wp-content\/uploads\/2015\/11\/\/testing-thumb-large-275x355.jpg' alt='' class=\"attachment-fadeIn\" \/><\/div><\/div><\/div><div class=\"one_third_last tt-column\"><div class=\"_img_frame _portrait_thumb\"><div class=\"img-preload\"><img src='https:\/\/environmentalodourconsulting.com\/wp-content\/uploads\/2015\/11\/our-company-truck.jpg' alt='' class=\"attachment-fadeIn\" \/><\/div><\/div><\/div><br class=\"clear\" \/><div class=\"hr_gap\" style=\"height:50px;\"><\/div>","protected":false},"excerpt":{"rendered":"","protected":false},"author":3,"featured_media":0,"parent":0,"menu_order":0,"comment_status":"closed","ping_status":"closed","template":"template-full-width.php","meta":{"_monsterinsights_skip_tracking":false,"_monsterinsights_sitenote_active":false,"_monsterinsights_sitenote_note":"","_monsterinsights_sitenote_category":0,"footnotes":""},"class_list":["post-492","page","type-page","status-publish","hentry"],"yoast_head":"<!-- This site is optimized with the Yoast SEO plugin v26.8 - https:\/\/yoast.com\/product\/yoast-seo-wordpress\/ -->\n<title>Personel - Environmental Odour Consulting<\/title>\n<meta name=\"robots\" content=\"index, follow, max-snippet:-1, max-image-preview:large, max-video-preview:-1\" \/>\n<link rel=\"canonical\" href=\"https:\/\/environmentalodourconsulting.com\/pl\/personel\/\" \/>\n<meta property=\"og:locale\" content=\"pl_PL\" \/>\n<meta property=\"og:type\" content=\"article\" \/>\n<meta property=\"og:title\" content=\"Personel - Environmental Odour Consulting\" \/>\n<meta property=\"og:url\" content=\"https:\/\/environmentalodourconsulting.com\/pl\/personel\/\" \/>\n<meta property=\"og:site_name\" content=\"Environmental Odour Consulting\" \/>\n<meta property=\"article:modified_time\" content=\"2015-11-15T19:36:23+00:00\" \/>\n<meta name=\"twitter:card\" content=\"summary_large_image\" \/>\n<meta name=\"twitter:label1\" content=\"Szacowany czas czytania\" \/>\n\t<meta name=\"twitter:data1\" content=\"2 minuty\" \/>\n<script type=\"application\/ld+json\" class=\"yoast-schema-graph\">{\"@context\":\"https:\/\/schema.org\",\"@graph\":[{\"@type\":\"WebPage\",\"@id\":\"https:\/\/environmentalodourconsulting.com\/pl\/personel\/\",\"url\":\"https:\/\/environmentalodourconsulting.com\/pl\/personel\/\",\"name\":\"Personel - Environmental Odour Consulting\",\"isPartOf\":{\"@id\":\"https:\/\/environmentalodourconsulting.com\/pl\/#website\"},\"datePublished\":\"2015-10-30T04:24:59+00:00\",\"dateModified\":\"2015-11-15T19:36:23+00:00\",\"breadcrumb\":{\"@id\":\"https:\/\/environmentalodourconsulting.com\/pl\/personel\/#breadcrumb\"},\"inLanguage\":\"pl-PL\",\"potentialAction\":[{\"@type\":\"ReadAction\",\"target\":[\"https:\/\/environmentalodourconsulting.com\/pl\/personel\/\"]}]},{\"@type\":\"BreadcrumbList\",\"@id\":\"https:\/\/environmentalodourconsulting.com\/pl\/personel\/#breadcrumb\",\"itemListElement\":[{\"@type\":\"ListItem\",\"position\":1,\"name\":\"Home\",\"item\":\"https:\/\/environmentalodourconsulting.com\/pl\/\"},{\"@type\":\"ListItem\",\"position\":2,\"name\":\"Personel\"}]},{\"@type\":\"WebSite\",\"@id\":\"https:\/\/environmentalodourconsulting.com\/pl\/#website\",\"url\":\"https:\/\/environmentalodourconsulting.com\/pl\/\",\"name\":\"Environmental Odour Consulting\",\"description\":\"The Air Quality Guardians\",\"publisher\":{\"@id\":\"https:\/\/environmentalodourconsulting.com\/pl\/#organization\"},\"potentialAction\":[{\"@type\":\"SearchAction\",\"target\":{\"@type\":\"EntryPoint\",\"urlTemplate\":\"https:\/\/environmentalodourconsulting.com\/pl\/?s={search_term_string}\"},\"query-input\":{\"@type\":\"PropertyValueSpecification\",\"valueRequired\":true,\"valueName\":\"search_term_string\"}}],\"inLanguage\":\"pl-PL\"},{\"@type\":\"Organization\",\"@id\":\"https:\/\/environmentalodourconsulting.com\/pl\/#organization\",\"name\":\"Environmental Odour Consulting\",\"url\":\"https:\/\/environmentalodourconsulting.com\/pl\/\",\"logo\":{\"@type\":\"ImageObject\",\"inLanguage\":\"pl-PL\",\"@id\":\"https:\/\/environmentalodourconsulting.com\/pl\/#\/schema\/logo\/image\/\",\"url\":\"https:\/\/environmentalodourconsulting.com\/wp-content\/uploads\/2017\/01\/EOC-logo-large-300x48-1.png\",\"contentUrl\":\"https:\/\/environmentalodourconsulting.com\/wp-content\/uploads\/2017\/01\/EOC-logo-large-300x48-1.png\",\"width\":300,\"height\":48,\"caption\":\"Environmental Odour Consulting\"},\"image\":{\"@id\":\"https:\/\/environmentalodourconsulting.com\/pl\/#\/schema\/logo\/image\/\"}}]}<\/script>\n<!-- \/ Yoast SEO plugin. -->","yoast_head_json":{"title":"Personel - Environmental Odour Consulting","robots":{"index":"index","follow":"follow","max-snippet":"max-snippet:-1","max-image-preview":"max-image-preview:large","max-video-preview":"max-video-preview:-1"},"canonical":"https:\/\/environmentalodourconsulting.com\/pl\/personel\/","og_locale":"pl_PL","og_type":"article","og_title":"Personel - Environmental Odour Consulting","og_url":"https:\/\/environmentalodourconsulting.com\/pl\/personel\/","og_site_name":"Environmental Odour Consulting","article_modified_time":"2015-11-15T19:36:23+00:00","twitter_card":"summary_large_image","twitter_misc":{"Szacowany czas czytania":"2 minuty"},"schema":{"@context":"https:\/\/schema.org","@graph":[{"@type":"WebPage","@id":"https:\/\/environmentalodourconsulting.com\/pl\/personel\/","url":"https:\/\/environmentalodourconsulting.com\/pl\/personel\/","name":"Personel - Environmental Odour Consulting","isPartOf":{"@id":"https:\/\/environmentalodourconsulting.com\/pl\/#website"},"datePublished":"2015-10-30T04:24:59+00:00","dateModified":"2015-11-15T19:36:23+00:00","breadcrumb":{"@id":"https:\/\/environmentalodourconsulting.com\/pl\/personel\/#breadcrumb"},"inLanguage":"pl-PL","potentialAction":[{"@type":"ReadAction","target":["https:\/\/environmentalodourconsulting.com\/pl\/personel\/"]}]},{"@type":"BreadcrumbList","@id":"https:\/\/environmentalodourconsulting.com\/pl\/personel\/#breadcrumb","itemListElement":[{"@type":"ListItem","position":1,"name":"Home","item":"https:\/\/environmentalodourconsulting.com\/pl\/"},{"@type":"ListItem","position":2,"name":"Personel"}]},{"@type":"WebSite","@id":"https:\/\/environmentalodourconsulting.com\/pl\/#website","url":"https:\/\/environmentalodourconsulting.com\/pl\/","name":"Environmental Odour Consulting","description":"The Air Quality Guardians","publisher":{"@id":"https:\/\/environmentalodourconsulting.com\/pl\/#organization"},"potentialAction":[{"@type":"SearchAction","target":{"@type":"EntryPoint","urlTemplate":"https:\/\/environmentalodourconsulting.com\/pl\/?s={search_term_string}"},"query-input":{"@type":"PropertyValueSpecification","valueRequired":true,"valueName":"search_term_string"}}],"inLanguage":"pl-PL"},{"@type":"Organization","@id":"https:\/\/environmentalodourconsulting.com\/pl\/#organization","name":"Environmental Odour Consulting","url":"https:\/\/environmentalodourconsulting.com\/pl\/","logo":{"@type":"ImageObject","inLanguage":"pl-PL","@id":"https:\/\/environmentalodourconsulting.com\/pl\/#\/schema\/logo\/image\/","url":"https:\/\/environmentalodourconsulting.com\/wp-content\/uploads\/2017\/01\/EOC-logo-large-300x48-1.png","contentUrl":"https:\/\/environmentalodourconsulting.com\/wp-content\/uploads\/2017\/01\/EOC-logo-large-300x48-1.png","width":300,"height":48,"caption":"Environmental Odour Consulting"},"image":{"@id":"https:\/\/environmentalodourconsulting.com\/pl\/#\/schema\/logo\/image\/"}}]}},"_links":{"self":[{"href":"https:\/\/environmentalodourconsulting.com\/pl\/wp-json\/wp\/v2\/pages\/492","targetHints":{"allow":["GET"]}}],"collection":[{"href":"https:\/\/environmentalodourconsulting.com\/pl\/wp-json\/wp\/v2\/pages"}],"about":[{"href":"https:\/\/environmentalodourconsulting.com\/pl\/wp-json\/wp\/v2\/types\/page"}],"author":[{"embeddable":true,"href":"https:\/\/environmentalodourconsulting.com\/pl\/wp-json\/wp\/v2\/users\/3"}],"replies":[{"embeddable":true,"href":"https:\/\/environmentalodourconsulting.com\/pl\/wp-json\/wp\/v2\/comments?post=492"}],"version-history":[{"count":16,"href":"https:\/\/environmentalodourconsulting.com\/pl\/wp-json\/wp\/v2\/pages\/492\/revisions"}],"predecessor-version":[{"id":790,"href":"https:\/\/environmentalodourconsulting.com\/pl\/wp-json\/wp\/v2\/pages\/492\/revisions\/790"}],"wp:attachment":[{"href":"https:\/\/environmentalodourconsulting.com\/pl\/wp-json\/wp\/v2\/media?parent=492"}],"curies":[{"name":"wp","href":"https:\/\/api.w.org\/{rel}","templated":true}]}}