{"id":496,"date":"2015-10-30T00:31:36","date_gmt":"2015-10-30T04:31:36","guid":{"rendered":"https:\/\/environmentalodourconsulting.com\/pl\/?page_id=496"},"modified":"2015-11-15T11:57:40","modified_gmt":"2015-11-15T16:57:40","slug":"o-nas","status":"publish","type":"page","link":"https:\/\/environmentalodourconsulting.com\/pl\/o-nas\/","title":{"rendered":"O Nas"},"content":{"rendered":"<div class=\"_img_frame _banner_full\"><div class=\"img-preload\"><img src='https:\/\/environmentalodourconsulting.com\/wp-content\/uploads\/2015\/11\/mobile-lab1-banner.jpg' alt='' class=\"attachment-fadeIn\" \/><\/div><\/div><p>&nbsp;<\/p>\n<p>&nbsp;<\/p>\n<h3>Environmental Odour Consulting (E.O.C)<\/h3>\n<h3>jest firm\u0105 konsultacyjn\u0105 specjalizuj\u0105c\u0105 si\u0119 w badaniach uci\u0105\u017cliwo\u015bci zapachu\/odor\u00f3w, ich emisj\u0105 i oddzia\u0142ywaniem na otaczaj\u0105ce \u015brodowisko.<\/h3>\n<p>Nasza firma z siedzib\u0105 w Polsce, Kanadzie i USA oferuje us\u0142ugi bada\u0144 uci\u0105\u017cliwo\u015bci zapach\u00f3w\/ odor\u00f3w dla r\u00f3\u017cnych sektor\u00f3w: oczyszczalni \u015bciek\u00f3w, kompostowni, wysypiska \u015bmieci, rafinerii i zr\u00f3\u017cnicowanych zak\u0142ad\u00f3w przemys\u0142owych, spo\u017cywczych, przetw\u00f3rczych, (masarni, przetw\u00f3rni rybnych, zak\u0142ad\u00f3w produkuj\u0105cych pokarm dla zwierz\u0105t, etc.). E.O.C r\u00f3wnie\u017c przeprowadza badania na terenach rolniczych, farmach w tym farmach zwierz\u0105t futerkowych, trzody chlewnej, hodowli kurczak\u00f3w.<br \/>\nPolecamy te\u017c us\u0142ugi bada\u0144 odorowych w trakcie rozprowadzania nawozu naturalnego.<br \/>\nE. O.C przeprowadza badania dla developer\u00f3w czy na zlecenie urz\u0119d\u00f3w, inspektor\u00f3w.<\/p>\n<p>E.O.C przeprowadza testy\/analizy odorowe dla firm egzystuj\u0105cych maj\u0105cych zamiar zwi\u0119kszy\u0107 lub zmieni\u0107 produkcj\u0119 lub dla nowych firm maj\u0105cych zamiar rozpocz\u0105\u0107 dzia\u0142alno\u015b\u0107 na danym terenie lub firm developerskich. W ka\u017cdym wymienionym przypadku jeste\u015bmy w stanie oszacowa\u0107 wp\u0142yw dzia\u0142alno\u015bci przedsi\u0119biorstwa na \u015brodowisko w znaczeniu odorowym, czyli oszacowa\u0107 czy firma powoduje lub b\u0119dzie powodowa\u0142a uci\u0105\u017cliwo\u015b\u0107 zapachow\u0105 dla s\u0105siaduj\u0105cych mieszka\u0144c\u00f3w, park\u00f3w, szk\u00f3\u0142, szpita\u0142\u00f3w).<\/p>\n<p>Za pomoc\u0105 pomiar\u00f3w i modelowania jeste\u015bmy w stanie oszacowa\u0107 lub zmierzy\u0107 st\u0119\u017cenie odor\u00f3w w ka\u017cdym zainteresowanym punkcie- szkole, parku, domu, etc.- punkcie gdzie skargi s\u0105 rejestrowane.<br \/>\nPrzeprowadzamy tak\u017ce badania terenowe w otoczeniu obiekt\u00f3w kt\u00f3re mog\u0105 by\u0107 potencjalnym \u017ar\u00f3d\u0142em zapachu\/odoru.<\/p>\n<p>Jako bardzo wa\u017cny aspekt dla przedsi\u0119biorc\u00f3w przed podj\u0119ciem decyzji o zainstalowaniu systemu redukuj\u0105cego zapach (biofilter, skruber, w\u0119glowy filtr), E.O.C przeprowadza tzw pilotowe testy na oszacowanie ich efektywno\u015bci . Takie testy te\u017c oferujemy jako konieczne po zainstalowaniu system\u00f3w ( tzw. test wydajno\u015bci systemu).<\/p>\n<p>E.O.C r\u00f3wnie\u017c \u015bwiadczy us\u0142ugi w tzw. analizach panelowych oceniaj\u0105cych pr\u00f3g wra\u017cliwo\u015bci zapachowej.<\/p>\n<p>Oferujemy odorowe szkolenia, kursy,workshopy dla przer\u00f3\u017cnego sektora: potencjalnych inspektor\u00f3w (POS, WOS), przedsi\u0119biorstw, plac\u00f3wek zarz\u0105dzaj\u0105cych, mieszka\u0144c\u00f3w miast, gmin, etc.<br \/>\nOferujemy tez testowanie pojedynczych ludzi lub grup na wyczuwalno\u015b\u0107 zapachowa.<\/p>\n<p>&nbsp;<\/p>\n","protected":false},"excerpt":{"rendered":"<p>&nbsp;<br \/>\n&nbsp;<br \/>\nEnvironmental Odour Consulting (E.O.C)<br \/>\njest firm\u0105 konsultacyjn\u0105 specjalizuj\u0105c\u0105 si\u0119 w badaniach uci\u0105\u017cliwo\u015bci zapachu\/odor\u00f3w, ich emisj\u0105 i oddzia\u0142ywaniem na otaczaj\u0105ce \u015brodowisko.<br \/>\nNasza firma z siedzib\u0105 w Polsce, Kanadzie i USA oferuje us\u0142ugi bada\u0144 uci\u0105\u017cliwo\u015bci zapach\u00f3w\/ odor\u00f3w dla r\u00f3\u017cnych sektor\u00f3w: oczyszczalni \u015bciek\u00f3w, kompostowni, wysypiska \u015bmieci, rafinerii i zr\u00f3\u017cnicowanych zak\u0142ad\u00f3w przemys\u0142owych, spo\u017cywczych, przetw\u00f3rczych, (masarni, przetw\u00f3rni rybnych, zak\u0142ad\u00f3w produkuj\u0105cych pokarm dla zwierz\u0105t, etc.). E.O.C r\u00f3wnie\u017c przeprowadza badania na terenach rolniczych, farmach w tym farmach zwierz\u0105t futerkowych, trzody chlewnej, hodowli kurczak\u00f3w.<br \/>\nPolecamy te\u017c &#8230;<\/p>\n","protected":false},"author":3,"featured_media":0,"parent":0,"menu_order":0,"comment_status":"closed","ping_status":"closed","template":"","meta":{"_monsterinsights_skip_tracking":false,"_monsterinsights_sitenote_active":false,"_monsterinsights_sitenote_note":"","_monsterinsights_sitenote_category":0,"footnotes":""},"class_list":["post-496","page","type-page","status-publish","hentry"],"yoast_head":"<!-- This site is optimized with the Yoast SEO plugin v26.8 - https:\/\/yoast.com\/product\/yoast-seo-wordpress\/ -->\n<title>O Nas - Environmental Odour Consulting<\/title>\n<meta name=\"robots\" content=\"index, follow, max-snippet:-1, max-image-preview:large, max-video-preview:-1\" \/>\n<link rel=\"canonical\" href=\"https:\/\/environmentalodourconsulting.com\/pl\/o-nas\/\" \/>\n<meta property=\"og:locale\" content=\"pl_PL\" \/>\n<meta property=\"og:type\" content=\"article\" \/>\n<meta property=\"og:title\" content=\"O Nas - Environmental Odour Consulting\" \/>\n<meta property=\"og:description\" content=\"&nbsp; &nbsp; Environmental Odour Consulting (E.O.C) jest firm\u0105 konsultacyjn\u0105 specjalizuj\u0105c\u0105 si\u0119 w badaniach uci\u0105\u017cliwo\u015bci zapachu\/odor\u00f3w, ich emisj\u0105 i oddzia\u0142ywaniem na otaczaj\u0105ce \u015brodowisko. Nasza firma z siedzib\u0105 w Polsce, Kanadzie i USA oferuje us\u0142ugi bada\u0144 uci\u0105\u017cliwo\u015bci zapach\u00f3w\/ odor\u00f3w dla r\u00f3\u017cnych sektor\u00f3w: oczyszczalni \u015bciek\u00f3w, kompostowni, wysypiska \u015bmieci, rafinerii i zr\u00f3\u017cnicowanych zak\u0142ad\u00f3w przemys\u0142owych, spo\u017cywczych, przetw\u00f3rczych, (masarni, przetw\u00f3rni rybnych, zak\u0142ad\u00f3w produkuj\u0105cych pokarm dla zwierz\u0105t, etc.). E.O.C r\u00f3wnie\u017c przeprowadza badania na terenach rolniczych, farmach w tym farmach zwierz\u0105t futerkowych, trzody chlewnej, hodowli kurczak\u00f3w. Polecamy te\u017c ...\" \/>\n<meta property=\"og:url\" content=\"https:\/\/environmentalodourconsulting.com\/pl\/o-nas\/\" \/>\n<meta property=\"og:site_name\" content=\"Environmental Odour Consulting\" \/>\n<meta property=\"article:modified_time\" content=\"2015-11-15T16:57:40+00:00\" \/>\n<meta name=\"twitter:card\" content=\"summary_large_image\" \/>\n<meta name=\"twitter:label1\" content=\"Szacowany czas czytania\" \/>\n\t<meta name=\"twitter:data1\" content=\"2 minuty\" \/>\n<script type=\"application\/ld+json\" class=\"yoast-schema-graph\">{\"@context\":\"https:\/\/schema.org\",\"@graph\":[{\"@type\":\"WebPage\",\"@id\":\"https:\/\/environmentalodourconsulting.com\/pl\/o-nas\/\",\"url\":\"https:\/\/environmentalodourconsulting.com\/pl\/o-nas\/\",\"name\":\"O Nas - Environmental Odour Consulting\",\"isPartOf\":{\"@id\":\"https:\/\/environmentalodourconsulting.com\/pl\/#website\"},\"datePublished\":\"2015-10-30T04:31:36+00:00\",\"dateModified\":\"2015-11-15T16:57:40+00:00\",\"breadcrumb\":{\"@id\":\"https:\/\/environmentalodourconsulting.com\/pl\/o-nas\/#breadcrumb\"},\"inLanguage\":\"pl-PL\",\"potentialAction\":[{\"@type\":\"ReadAction\",\"target\":[\"https:\/\/environmentalodourconsulting.com\/pl\/o-nas\/\"]}]},{\"@type\":\"BreadcrumbList\",\"@id\":\"https:\/\/environmentalodourconsulting.com\/pl\/o-nas\/#breadcrumb\",\"itemListElement\":[{\"@type\":\"ListItem\",\"position\":1,\"name\":\"Home\",\"item\":\"https:\/\/environmentalodourconsulting.com\/pl\/\"},{\"@type\":\"ListItem\",\"position\":2,\"name\":\"O Nas\"}]},{\"@type\":\"WebSite\",\"@id\":\"https:\/\/environmentalodourconsulting.com\/pl\/#website\",\"url\":\"https:\/\/environmentalodourconsulting.com\/pl\/\",\"name\":\"Environmental Odour Consulting\",\"description\":\"The Air Quality Guardians\",\"publisher\":{\"@id\":\"https:\/\/environmentalodourconsulting.com\/pl\/#organization\"},\"potentialAction\":[{\"@type\":\"SearchAction\",\"target\":{\"@type\":\"EntryPoint\",\"urlTemplate\":\"https:\/\/environmentalodourconsulting.com\/pl\/?s={search_term_string}\"},\"query-input\":{\"@type\":\"PropertyValueSpecification\",\"valueRequired\":true,\"valueName\":\"search_term_string\"}}],\"inLanguage\":\"pl-PL\"},{\"@type\":\"Organization\",\"@id\":\"https:\/\/environmentalodourconsulting.com\/pl\/#organization\",\"name\":\"Environmental Odour Consulting\",\"url\":\"https:\/\/environmentalodourconsulting.com\/pl\/\",\"logo\":{\"@type\":\"ImageObject\",\"inLanguage\":\"pl-PL\",\"@id\":\"https:\/\/environmentalodourconsulting.com\/pl\/#\/schema\/logo\/image\/\",\"url\":\"https:\/\/environmentalodourconsulting.com\/wp-content\/uploads\/2017\/01\/EOC-logo-large-300x48-1.png\",\"contentUrl\":\"https:\/\/environmentalodourconsulting.com\/wp-content\/uploads\/2017\/01\/EOC-logo-large-300x48-1.png\",\"width\":300,\"height\":48,\"caption\":\"Environmental Odour Consulting\"},\"image\":{\"@id\":\"https:\/\/environmentalodourconsulting.com\/pl\/#\/schema\/logo\/image\/\"}}]}<\/script>\n<!-- \/ Yoast SEO plugin. -->","yoast_head_json":{"title":"O Nas - Environmental Odour Consulting","robots":{"index":"index","follow":"follow","max-snippet":"max-snippet:-1","max-image-preview":"max-image-preview:large","max-video-preview":"max-video-preview:-1"},"canonical":"https:\/\/environmentalodourconsulting.com\/pl\/o-nas\/","og_locale":"pl_PL","og_type":"article","og_title":"O Nas - Environmental Odour Consulting","og_description":"&nbsp; &nbsp; Environmental Odour Consulting (E.O.C) jest firm\u0105 konsultacyjn\u0105 specjalizuj\u0105c\u0105 si\u0119 w badaniach uci\u0105\u017cliwo\u015bci zapachu\/odor\u00f3w, ich emisj\u0105 i oddzia\u0142ywaniem na otaczaj\u0105ce \u015brodowisko. Nasza firma z siedzib\u0105 w Polsce, Kanadzie i USA oferuje us\u0142ugi bada\u0144 uci\u0105\u017cliwo\u015bci zapach\u00f3w\/ odor\u00f3w dla r\u00f3\u017cnych sektor\u00f3w: oczyszczalni \u015bciek\u00f3w, kompostowni, wysypiska \u015bmieci, rafinerii i zr\u00f3\u017cnicowanych zak\u0142ad\u00f3w przemys\u0142owych, spo\u017cywczych, przetw\u00f3rczych, (masarni, przetw\u00f3rni rybnych, zak\u0142ad\u00f3w produkuj\u0105cych pokarm dla zwierz\u0105t, etc.). E.O.C r\u00f3wnie\u017c przeprowadza badania na terenach rolniczych, farmach w tym farmach zwierz\u0105t futerkowych, trzody chlewnej, hodowli kurczak\u00f3w. Polecamy te\u017c ...","og_url":"https:\/\/environmentalodourconsulting.com\/pl\/o-nas\/","og_site_name":"Environmental Odour Consulting","article_modified_time":"2015-11-15T16:57:40+00:00","twitter_card":"summary_large_image","twitter_misc":{"Szacowany czas czytania":"2 minuty"},"schema":{"@context":"https:\/\/schema.org","@graph":[{"@type":"WebPage","@id":"https:\/\/environmentalodourconsulting.com\/pl\/o-nas\/","url":"https:\/\/environmentalodourconsulting.com\/pl\/o-nas\/","name":"O Nas - Environmental Odour Consulting","isPartOf":{"@id":"https:\/\/environmentalodourconsulting.com\/pl\/#website"},"datePublished":"2015-10-30T04:31:36+00:00","dateModified":"2015-11-15T16:57:40+00:00","breadcrumb":{"@id":"https:\/\/environmentalodourconsulting.com\/pl\/o-nas\/#breadcrumb"},"inLanguage":"pl-PL","potentialAction":[{"@type":"ReadAction","target":["https:\/\/environmentalodourconsulting.com\/pl\/o-nas\/"]}]},{"@type":"BreadcrumbList","@id":"https:\/\/environmentalodourconsulting.com\/pl\/o-nas\/#breadcrumb","itemListElement":[{"@type":"ListItem","position":1,"name":"Home","item":"https:\/\/environmentalodourconsulting.com\/pl\/"},{"@type":"ListItem","position":2,"name":"O Nas"}]},{"@type":"WebSite","@id":"https:\/\/environmentalodourconsulting.com\/pl\/#website","url":"https:\/\/environmentalodourconsulting.com\/pl\/","name":"Environmental Odour Consulting","description":"The Air Quality Guardians","publisher":{"@id":"https:\/\/environmentalodourconsulting.com\/pl\/#organization"},"potentialAction":[{"@type":"SearchAction","target":{"@type":"EntryPoint","urlTemplate":"https:\/\/environmentalodourconsulting.com\/pl\/?s={search_term_string}"},"query-input":{"@type":"PropertyValueSpecification","valueRequired":true,"valueName":"search_term_string"}}],"inLanguage":"pl-PL"},{"@type":"Organization","@id":"https:\/\/environmentalodourconsulting.com\/pl\/#organization","name":"Environmental Odour Consulting","url":"https:\/\/environmentalodourconsulting.com\/pl\/","logo":{"@type":"ImageObject","inLanguage":"pl-PL","@id":"https:\/\/environmentalodourconsulting.com\/pl\/#\/schema\/logo\/image\/","url":"https:\/\/environmentalodourconsulting.com\/wp-content\/uploads\/2017\/01\/EOC-logo-large-300x48-1.png","contentUrl":"https:\/\/environmentalodourconsulting.com\/wp-content\/uploads\/2017\/01\/EOC-logo-large-300x48-1.png","width":300,"height":48,"caption":"Environmental Odour Consulting"},"image":{"@id":"https:\/\/environmentalodourconsulting.com\/pl\/#\/schema\/logo\/image\/"}}]}},"_links":{"self":[{"href":"https:\/\/environmentalodourconsulting.com\/pl\/wp-json\/wp\/v2\/pages\/496","targetHints":{"allow":["GET"]}}],"collection":[{"href":"https:\/\/environmentalodourconsulting.com\/pl\/wp-json\/wp\/v2\/pages"}],"about":[{"href":"https:\/\/environmentalodourconsulting.com\/pl\/wp-json\/wp\/v2\/types\/page"}],"author":[{"embeddable":true,"href":"https:\/\/environmentalodourconsulting.com\/pl\/wp-json\/wp\/v2\/users\/3"}],"replies":[{"embeddable":true,"href":"https:\/\/environmentalodourconsulting.com\/pl\/wp-json\/wp\/v2\/comments?post=496"}],"version-history":[{"count":7,"href":"https:\/\/environmentalodourconsulting.com\/pl\/wp-json\/wp\/v2\/pages\/496\/revisions"}],"predecessor-version":[{"id":777,"href":"https:\/\/environmentalodourconsulting.com\/pl\/wp-json\/wp\/v2\/pages\/496\/revisions\/777"}],"wp:attachment":[{"href":"https:\/\/environmentalodourconsulting.com\/pl\/wp-json\/wp\/v2\/media?parent=496"}],"curies":[{"name":"wp","href":"https:\/\/api.w.org\/{rel}","templated":true}]}}