{"id":509,"date":"2015-10-30T00:57:14","date_gmt":"2015-10-30T04:57:14","guid":{"rendered":"https:\/\/environmentalodourconsulting.com\/pl\/?page_id=509"},"modified":"2025-05-15T23:25:46","modified_gmt":"2025-05-16T03:25:46","slug":"kontakt","status":"publish","type":"page","link":"https:\/\/environmentalodourconsulting.com\/pl\/kontakt\/","title":{"rendered":"Kontakt"},"content":{"rendered":"<h3 class=\"wp-block-heading\">Bardzo chcemy pozna\u0107 Wasz\u0105 opini\u0119 lub<br \/>odpowiedzie\u0107 na pytania dotycz\u0105ce us\u0142ug E.O.C.<br \/>na terenie Polski i w innych rejonach \u015bwiata.<\/h3>\n<p>Prosimy wype\u0142ni\u0107 poni\u017csza form\u0119 kontaktowa.<br \/>Obiecujemy skontaktowa\u0107 si\u0119 z Wami jak najszybciej.<\/p>\n<div class=\"wpcf7 no-js\" id=\"wpcf7-f2097-o1\" lang=\"pl-PL\" dir=\"ltr\" data-wpcf7-id=\"2097\">\n<div class=\"screen-reader-response\">\n<p role=\"status\" aria-live=\"polite\" aria-atomic=\"true\">\n<ul><\/ul>\n<\/div>\n<form action=\"\/pl\/wp-json\/wp\/v2\/pages\/509#wpcf7-f2097-o1\" method=\"post\" class=\"wpcf7-form init\" aria-label=\"Formularz kontaktowy\" novalidate=\"novalidate\" data-status=\"init\">\n<fieldset class=\"hidden-fields-container\"><input type=\"hidden\" name=\"_wpcf7\" value=\"2097\" \/><input type=\"hidden\" name=\"_wpcf7_version\" value=\"6.1.5\" \/><input type=\"hidden\" name=\"_wpcf7_locale\" value=\"pl_PL\" \/><input type=\"hidden\" name=\"_wpcf7_unit_tag\" value=\"wpcf7-f2097-o1\" \/><input type=\"hidden\" name=\"_wpcf7_container_post\" value=\"0\" \/><input type=\"hidden\" name=\"_wpcf7_posted_data_hash\" value=\"\" \/><br \/>\n<\/fieldset>\n<p><strong><br \/>\n<label> Imi\u0119*<br \/>\n<span class=\"wpcf7-form-control-wrap\" data-name=\"text-806\"><input size=\"40\" maxlength=\"400\" class=\"wpcf7-form-control wpcf7-text wpcf7-validates-as-required\" autocomplete=\"name\" aria-required=\"true\" aria-invalid=\"false\" placeholder=\"Imi\u0119\" value=\"\" type=\"text\" name=\"text-806\" \/><\/span> <\/label><br \/>\n<label> Nazwisko*<br \/>\n<span class=\"wpcf7-form-control-wrap\" data-name=\"text-338\"><input size=\"40\" maxlength=\"400\" class=\"wpcf7-form-control wpcf7-text wpcf7-validates-as-required\" autocomplete=\"name\" aria-required=\"true\" aria-invalid=\"false\" placeholder=\"Nazwisko\" value=\"\" type=\"text\" name=\"text-338\" \/><\/span> <\/label><br \/>\n<label> Email*<br \/>\n<span class=\"wpcf7-form-control-wrap\" data-name=\"email-58\"><input size=\"40\" maxlength=\"400\" class=\"wpcf7-form-control wpcf7-email wpcf7-validates-as-required wpcf7-text wpcf7-validates-as-email\" autocomplete=\"email\" aria-required=\"true\" aria-invalid=\"false\" placeholder=\"Email\" value=\"\" type=\"email\" name=\"email-58\" \/><\/span> <\/label><br \/>\n<label> Firma<br \/>\n<span class=\"wpcf7-form-control-wrap\" data-name=\"text-483\"><input size=\"40\" maxlength=\"400\" class=\"wpcf7-form-control wpcf7-text wpcf7-validates-as-required\" aria-required=\"true\" aria-invalid=\"false\" placeholder=\"Firma\" value=\"\" type=\"text\" name=\"text-483\" \/><\/span> <\/label><br \/>\n<label> Wiadomo\u015b\u0107*<br \/>\n<span class=\"wpcf7-form-control-wrap\" data-name=\"textarea-168\"><textarea cols=\"40\" rows=\"10\" maxlength=\"2000\" class=\"wpcf7-form-control wpcf7-textarea wpcf7-validates-as-required\" aria-required=\"true\" aria-invalid=\"false\" placeholder=\"Wiadomo\u015b\u0107*\" name=\"textarea-168\"><\/textarea><\/span> <\/label><br \/>\n<\/strong>\n<\/p>\n<p><input class=\"wpcf7-form-control wpcf7-submit has-spinner\" type=\"submit\" value=\"WY\u015aLIJ\" \/>\n<\/p>\n<div class=\"wpcf7-response-output\" aria-hidden=\"true\"><\/div>\n<\/form>\n<\/div>\n<p>\u00a0<br \/>\u00a0<br \/>*Dane osobowe podane na powy\u017cszym formularzu kontaktowym b\u0119d\u0105 przetwarzane przez E.O.C. z siedzib\u0105 w Toronto, Kanada, zgodnie z ustaw\u0105 z dnia 29 sierpnia 1997 r. o ochronie danych osobowych (Dz.U. 2002, Nr 101, poz. 926 ze zm.), w celach kontaktowych dotycz\u0105cych odpowiedzi na przes\u0142ane wiadomo\u015bci. Podanie danych jest dobrowolne, jednak niezb\u0119dne w celu wyja\u015bnienia zg\u0142oszenia. Ka\u017cda osoba ma prawo dost\u0119pu do tre\u015bci swoich danych oraz ich poprawiania.<br \/>\u00a0<\/p>\n","protected":false},"excerpt":{"rendered":"<p>Bardzo chcemy pozna\u0107 Wasz\u0105 opini\u0119 lubodpowiedzie\u0107 na pytania dotycz\u0105ce us\u0142ug E.O.C.na terenie Polski i w innych rejonach \u015bwiata.<br \/>\nProsimy wype\u0142ni\u0107 poni\u017csza form\u0119 kontaktowa.Obiecujemy skontaktowa\u0107 si\u0119 z Wami jak najszybciej.<br \/>\n\u00a0\u00a0*Dane osobowe podane na powy\u017cszym formularzu kontaktowym b\u0119d\u0105 przetwarzane przez E.O.C. z siedzib\u0105 w Toronto, Kanada, zgodnie z ustaw\u0105 z dnia 29 sierpnia 1997 r. o ochronie danych osobowych (Dz.U. 2002, Nr 101, poz. 926 ze zm.), w celach kontaktowych dotycz\u0105cych odpowiedzi na przes\u0142ane wiadomo\u015bci. Podanie danych jest dobrowolne, jednak niezb\u0119dne &#8230;<\/p>\n","protected":false},"author":3,"featured_media":0,"parent":0,"menu_order":0,"comment_status":"closed","ping_status":"closed","template":"template_contact_iphone.php","meta":{"_monsterinsights_skip_tracking":false,"_monsterinsights_sitenote_active":false,"_monsterinsights_sitenote_note":"","_monsterinsights_sitenote_category":0,"footnotes":""},"class_list":["post-509","page","type-page","status-publish","hentry"],"yoast_head":"<!-- This site is optimized with the Yoast SEO plugin v26.8 - https:\/\/yoast.com\/product\/yoast-seo-wordpress\/ -->\n<title>Kontakt - Environmental Odour Consulting<\/title>\n<meta name=\"robots\" content=\"index, follow, max-snippet:-1, max-image-preview:large, max-video-preview:-1\" \/>\n<link rel=\"canonical\" href=\"https:\/\/environmentalodourconsulting.com\/pl\/kontakt\/\" \/>\n<meta property=\"og:locale\" content=\"pl_PL\" \/>\n<meta property=\"og:type\" content=\"article\" \/>\n<meta property=\"og:title\" content=\"Kontakt - Environmental Odour Consulting\" \/>\n<meta property=\"og:description\" content=\"Bardzo chcemy pozna\u0107 Wasz\u0105 opini\u0119 lubodpowiedzie\u0107 na pytania dotycz\u0105ce us\u0142ug E.O.C.na terenie Polski i w innych rejonach \u015bwiata. Prosimy wype\u0142ni\u0107 poni\u017csza form\u0119 kontaktowa.Obiecujemy skontaktowa\u0107 si\u0119 z Wami jak najszybciej. \u00a0\u00a0*Dane osobowe podane na powy\u017cszym formularzu kontaktowym b\u0119d\u0105 przetwarzane przez E.O.C. z siedzib\u0105 w Toronto, Kanada, zgodnie z ustaw\u0105 z dnia 29 sierpnia 1997 r. o ochronie danych osobowych (Dz.U. 2002, Nr 101, poz. 926 ze zm.), w celach kontaktowych dotycz\u0105cych odpowiedzi na przes\u0142ane wiadomo\u015bci. Podanie danych jest dobrowolne, jednak niezb\u0119dne ...\" \/>\n<meta property=\"og:url\" content=\"https:\/\/environmentalodourconsulting.com\/pl\/kontakt\/\" \/>\n<meta property=\"og:site_name\" content=\"Environmental Odour Consulting\" \/>\n<meta property=\"article:modified_time\" content=\"2025-05-16T03:25:46+00:00\" \/>\n<meta name=\"twitter:card\" content=\"summary_large_image\" \/>\n<meta name=\"twitter:label1\" content=\"Szacowany czas czytania\" \/>\n\t<meta name=\"twitter:data1\" content=\"1 minuta\" \/>\n<script type=\"application\/ld+json\" class=\"yoast-schema-graph\">{\"@context\":\"https:\/\/schema.org\",\"@graph\":[{\"@type\":\"WebPage\",\"@id\":\"https:\/\/environmentalodourconsulting.com\/pl\/kontakt\/\",\"url\":\"https:\/\/environmentalodourconsulting.com\/pl\/kontakt\/\",\"name\":\"Kontakt - Environmental Odour Consulting\",\"isPartOf\":{\"@id\":\"https:\/\/environmentalodourconsulting.com\/pl\/#website\"},\"datePublished\":\"2015-10-30T04:57:14+00:00\",\"dateModified\":\"2025-05-16T03:25:46+00:00\",\"breadcrumb\":{\"@id\":\"https:\/\/environmentalodourconsulting.com\/pl\/kontakt\/#breadcrumb\"},\"inLanguage\":\"pl-PL\",\"potentialAction\":[{\"@type\":\"ReadAction\",\"target\":[\"https:\/\/environmentalodourconsulting.com\/pl\/kontakt\/\"]}]},{\"@type\":\"BreadcrumbList\",\"@id\":\"https:\/\/environmentalodourconsulting.com\/pl\/kontakt\/#breadcrumb\",\"itemListElement\":[{\"@type\":\"ListItem\",\"position\":1,\"name\":\"Home\",\"item\":\"https:\/\/environmentalodourconsulting.com\/pl\/\"},{\"@type\":\"ListItem\",\"position\":2,\"name\":\"Kontakt\"}]},{\"@type\":\"WebSite\",\"@id\":\"https:\/\/environmentalodourconsulting.com\/pl\/#website\",\"url\":\"https:\/\/environmentalodourconsulting.com\/pl\/\",\"name\":\"Environmental Odour Consulting\",\"description\":\"The Air Quality Guardians\",\"publisher\":{\"@id\":\"https:\/\/environmentalodourconsulting.com\/pl\/#organization\"},\"potentialAction\":[{\"@type\":\"SearchAction\",\"target\":{\"@type\":\"EntryPoint\",\"urlTemplate\":\"https:\/\/environmentalodourconsulting.com\/pl\/?s={search_term_string}\"},\"query-input\":{\"@type\":\"PropertyValueSpecification\",\"valueRequired\":true,\"valueName\":\"search_term_string\"}}],\"inLanguage\":\"pl-PL\"},{\"@type\":\"Organization\",\"@id\":\"https:\/\/environmentalodourconsulting.com\/pl\/#organization\",\"name\":\"Environmental Odour Consulting\",\"url\":\"https:\/\/environmentalodourconsulting.com\/pl\/\",\"logo\":{\"@type\":\"ImageObject\",\"inLanguage\":\"pl-PL\",\"@id\":\"https:\/\/environmentalodourconsulting.com\/pl\/#\/schema\/logo\/image\/\",\"url\":\"https:\/\/environmentalodourconsulting.com\/wp-content\/uploads\/2017\/01\/EOC-logo-large-300x48-1.png\",\"contentUrl\":\"https:\/\/environmentalodourconsulting.com\/wp-content\/uploads\/2017\/01\/EOC-logo-large-300x48-1.png\",\"width\":300,\"height\":48,\"caption\":\"Environmental Odour Consulting\"},\"image\":{\"@id\":\"https:\/\/environmentalodourconsulting.com\/pl\/#\/schema\/logo\/image\/\"}}]}<\/script>\n<!-- \/ Yoast SEO plugin. -->","yoast_head_json":{"title":"Kontakt - Environmental Odour Consulting","robots":{"index":"index","follow":"follow","max-snippet":"max-snippet:-1","max-image-preview":"max-image-preview:large","max-video-preview":"max-video-preview:-1"},"canonical":"https:\/\/environmentalodourconsulting.com\/pl\/kontakt\/","og_locale":"pl_PL","og_type":"article","og_title":"Kontakt - Environmental Odour Consulting","og_description":"Bardzo chcemy pozna\u0107 Wasz\u0105 opini\u0119 lubodpowiedzie\u0107 na pytania dotycz\u0105ce us\u0142ug E.O.C.na terenie Polski i w innych rejonach \u015bwiata. Prosimy wype\u0142ni\u0107 poni\u017csza form\u0119 kontaktowa.Obiecujemy skontaktowa\u0107 si\u0119 z Wami jak najszybciej. \u00a0\u00a0*Dane osobowe podane na powy\u017cszym formularzu kontaktowym b\u0119d\u0105 przetwarzane przez E.O.C. z siedzib\u0105 w Toronto, Kanada, zgodnie z ustaw\u0105 z dnia 29 sierpnia 1997 r. o ochronie danych osobowych (Dz.U. 2002, Nr 101, poz. 926 ze zm.), w celach kontaktowych dotycz\u0105cych odpowiedzi na przes\u0142ane wiadomo\u015bci. Podanie danych jest dobrowolne, jednak niezb\u0119dne ...","og_url":"https:\/\/environmentalodourconsulting.com\/pl\/kontakt\/","og_site_name":"Environmental Odour Consulting","article_modified_time":"2025-05-16T03:25:46+00:00","twitter_card":"summary_large_image","twitter_misc":{"Szacowany czas czytania":"1 minuta"},"schema":{"@context":"https:\/\/schema.org","@graph":[{"@type":"WebPage","@id":"https:\/\/environmentalodourconsulting.com\/pl\/kontakt\/","url":"https:\/\/environmentalodourconsulting.com\/pl\/kontakt\/","name":"Kontakt - Environmental Odour Consulting","isPartOf":{"@id":"https:\/\/environmentalodourconsulting.com\/pl\/#website"},"datePublished":"2015-10-30T04:57:14+00:00","dateModified":"2025-05-16T03:25:46+00:00","breadcrumb":{"@id":"https:\/\/environmentalodourconsulting.com\/pl\/kontakt\/#breadcrumb"},"inLanguage":"pl-PL","potentialAction":[{"@type":"ReadAction","target":["https:\/\/environmentalodourconsulting.com\/pl\/kontakt\/"]}]},{"@type":"BreadcrumbList","@id":"https:\/\/environmentalodourconsulting.com\/pl\/kontakt\/#breadcrumb","itemListElement":[{"@type":"ListItem","position":1,"name":"Home","item":"https:\/\/environmentalodourconsulting.com\/pl\/"},{"@type":"ListItem","position":2,"name":"Kontakt"}]},{"@type":"WebSite","@id":"https:\/\/environmentalodourconsulting.com\/pl\/#website","url":"https:\/\/environmentalodourconsulting.com\/pl\/","name":"Environmental Odour Consulting","description":"The Air Quality Guardians","publisher":{"@id":"https:\/\/environmentalodourconsulting.com\/pl\/#organization"},"potentialAction":[{"@type":"SearchAction","target":{"@type":"EntryPoint","urlTemplate":"https:\/\/environmentalodourconsulting.com\/pl\/?s={search_term_string}"},"query-input":{"@type":"PropertyValueSpecification","valueRequired":true,"valueName":"search_term_string"}}],"inLanguage":"pl-PL"},{"@type":"Organization","@id":"https:\/\/environmentalodourconsulting.com\/pl\/#organization","name":"Environmental Odour Consulting","url":"https:\/\/environmentalodourconsulting.com\/pl\/","logo":{"@type":"ImageObject","inLanguage":"pl-PL","@id":"https:\/\/environmentalodourconsulting.com\/pl\/#\/schema\/logo\/image\/","url":"https:\/\/environmentalodourconsulting.com\/wp-content\/uploads\/2017\/01\/EOC-logo-large-300x48-1.png","contentUrl":"https:\/\/environmentalodourconsulting.com\/wp-content\/uploads\/2017\/01\/EOC-logo-large-300x48-1.png","width":300,"height":48,"caption":"Environmental Odour Consulting"},"image":{"@id":"https:\/\/environmentalodourconsulting.com\/pl\/#\/schema\/logo\/image\/"}}]}},"_links":{"self":[{"href":"https:\/\/environmentalodourconsulting.com\/pl\/wp-json\/wp\/v2\/pages\/509","targetHints":{"allow":["GET"]}}],"collection":[{"href":"https:\/\/environmentalodourconsulting.com\/pl\/wp-json\/wp\/v2\/pages"}],"about":[{"href":"https:\/\/environmentalodourconsulting.com\/pl\/wp-json\/wp\/v2\/types\/page"}],"author":[{"embeddable":true,"href":"https:\/\/environmentalodourconsulting.com\/pl\/wp-json\/wp\/v2\/users\/3"}],"replies":[{"embeddable":true,"href":"https:\/\/environmentalodourconsulting.com\/pl\/wp-json\/wp\/v2\/comments?post=509"}],"version-history":[{"count":21,"href":"https:\/\/environmentalodourconsulting.com\/pl\/wp-json\/wp\/v2\/pages\/509\/revisions"}],"predecessor-version":[{"id":2100,"href":"https:\/\/environmentalodourconsulting.com\/pl\/wp-json\/wp\/v2\/pages\/509\/revisions\/2100"}],"wp:attachment":[{"href":"https:\/\/environmentalodourconsulting.com\/pl\/wp-json\/wp\/v2\/media?parent=509"}],"curies":[{"name":"wp","href":"https:\/\/api.w.org\/{rel}","templated":true}]}}